{"id":877,"date":"2024-03-28T22:39:13","date_gmt":"2024-03-28T21:39:13","guid":{"rendered":"https:\/\/crochetsashiko.eu\/fr\/?page_id=877"},"modified":"2024-04-07T22:37:17","modified_gmt":"2024-04-07T20:37:17","slug":"modeles-gratuits","status":"publish","type":"page","link":"https:\/\/crochetsashiko.eu\/fr\/modeles-gratuits\/","title":{"rendered":"MODELES GRATUITS"},"content":{"rendered":"<style>.kb-row-layout-id877_010bfe-6f > .kt-row-column-wrap{align-content:start;}:where(.kb-row-layout-id877_010bfe-6f > .kt-row-column-wrap) > .wp-block-kadence-column{justify-content:start;}.kb-row-layout-id877_010bfe-6f > .kt-row-column-wrap{column-gap:var(--global-kb-gap-md, 2rem);row-gap:var(--global-kb-gap-md, 2rem);padding-top:var(--global-kb-spacing-sm, 1.5rem);padding-bottom:var(--global-kb-spacing-sm, 1.5rem);grid-template-columns:minmax(0, 1fr) minmax(0, 2fr);}.kb-row-layout-id877_010bfe-6f > .kt-row-layout-overlay{opacity:0.30;}@media all and (max-width: 1024px){.kb-row-layout-id877_010bfe-6f > .kt-row-column-wrap{grid-template-columns:minmax(0, 1fr) minmax(0, 2fr);}}@media all and (max-width: 767px){.kb-row-layout-id877_010bfe-6f > .kt-row-column-wrap{grid-template-columns:minmax(0, 1fr);}}<\/style><div class=\"kb-row-layout-wrap kb-row-layout-id877_010bfe-6f alignnone wp-block-kadence-rowlayout\"><div class=\"kt-row-column-wrap kt-has-2-columns kt-row-layout-right-golden kt-tab-layout-inherit kt-mobile-layout-row kt-row-valign-top\">\n<style>.kadence-column877_c7f4fb-7d > .kt-inside-inner-col,.kadence-column877_c7f4fb-7d > .kt-inside-inner-col:before{border-top-left-radius:0px;border-top-right-radius:0px;border-bottom-right-radius:0px;border-bottom-left-radius:0px;}.kadence-column877_c7f4fb-7d > .kt-inside-inner-col{column-gap:var(--global-kb-gap-sm, 1rem);}.kadence-column877_c7f4fb-7d > .kt-inside-inner-col{flex-direction:column;}.kadence-column877_c7f4fb-7d > .kt-inside-inner-col > .aligncenter{width:100%;}.kadence-column877_c7f4fb-7d > .kt-inside-inner-col:before{opacity:0.3;}.kadence-column877_c7f4fb-7d{position:relative;}@media all and (max-width: 1024px){.kadence-column877_c7f4fb-7d > .kt-inside-inner-col{flex-direction:column;justify-content:center;}}@media all and (max-width: 767px){.kadence-column877_c7f4fb-7d > .kt-inside-inner-col{flex-direction:column;justify-content:center;}}<\/style>\n<div class=\"wp-block-kadence-column kadence-column877_c7f4fb-7d\"><div class=\"kt-inside-inner-col\">\n<figure class=\"wp-block-image size-large\"><img loading=\"lazy\" decoding=\"async\" width=\"614\" height=\"1024\" src=\"https:\/\/crochetsashiko.eu\/wp-content\/uploads\/2024\/04\/20240403_140704-scaled-min-min-614x1024.webp\" alt=\"\" class=\"wp-image-962\" srcset=\"https:\/\/crochetsashiko.eu\/wp-content\/uploads\/2024\/04\/20240403_140704-scaled-min-min-614x1024.webp 614w, https:\/\/crochetsashiko.eu\/wp-content\/uploads\/2024\/04\/20240403_140704-scaled-min-min-180x300.webp 180w, https:\/\/crochetsashiko.eu\/wp-content\/uploads\/2024\/04\/20240403_140704-scaled-min-min-768x1280.webp 768w, https:\/\/crochetsashiko.eu\/wp-content\/uploads\/2024\/04\/20240403_140704-scaled-min-min-922x1536.webp 922w, https:\/\/crochetsashiko.eu\/wp-content\/uploads\/2024\/04\/20240403_140704-scaled-min-min-1229x2048.webp 1229w, https:\/\/crochetsashiko.eu\/wp-content\/uploads\/2024\/04\/20240403_140704-scaled-min-min.webp 1536w\" sizes=\"(max-width: 614px) 100vw, 614px\" \/><\/figure>\n<\/div><\/div>\n\n\n<style>.kadence-column877_afef8b-74 > .kt-inside-inner-col,.kadence-column877_afef8b-74 > .kt-inside-inner-col:before{border-top-left-radius:0px;border-top-right-radius:0px;border-bottom-right-radius:0px;border-bottom-left-radius:0px;}.kadence-column877_afef8b-74 > .kt-inside-inner-col{column-gap:var(--global-kb-gap-sm, 1rem);}.kadence-column877_afef8b-74 > .kt-inside-inner-col{flex-direction:column;}.kadence-column877_afef8b-74 > .kt-inside-inner-col > .aligncenter{width:100%;}.kadence-column877_afef8b-74 > .kt-inside-inner-col:before{opacity:0.3;}.kadence-column877_afef8b-74{position:relative;}@media all and (max-width: 1024px){.kadence-column877_afef8b-74 > .kt-inside-inner-col{flex-direction:column;justify-content:center;}}@media all and (max-width: 767px){.kadence-column877_afef8b-74 > .kt-inside-inner-col{flex-direction:column;justify-content:center;}}<\/style>\n<div class=\"wp-block-kadence-column kadence-column877_afef8b-74\"><div class=\"kt-inside-inner-col\">\n<h4 class=\"wp-block-heading\"><a href=\"blob:https:\/\/crochetsashiko.eu\/ff652f8b-18ea-4ad8-896d-bea2490d0538#\">Cr\u00e9ez votre premier sac \u00e9l\u00e9gant en crochet : Tutoriel facile pour d\u00e9butants, avec un design r\u00e9versible unique<\/a><\/h4>\n\n\n\n<p>By crochetsashiko.eu 03\/04\/2024<\/p>\n\n\n\n<p><a href=\"https:\/\/crochetsashiko.eu\/fr\/blog-crochet\/premier-sac-crochet-reversible\/\" target=\"_blank\" rel=\"noreferrer noopener\">READ MORE<\/a><\/p>\n<\/div><\/div>\n\n<\/div><\/div>","protected":false},"excerpt":{"rendered":"<p>Cr\u00e9ez votre premier sac \u00e9l\u00e9gant en crochet : Tutoriel facile pour d\u00e9butants, avec un design r\u00e9versible unique By crochetsashiko.eu 03\/04\/2024 READ MORE<\/p>\n","protected":false},"author":1,"featured_media":0,"parent":0,"menu_order":0,"comment_status":"closed","ping_status":"closed","template":"","meta":{"_kadence_starter_templates_imported_post":false,"_kad_post_transparent":"","_kad_post_title":"","_kad_post_layout":"","_kad_post_sidebar_id":"","_kad_post_content_style":"","_kad_post_vertical_padding":"","_kad_post_feature":"","_kad_post_feature_position":"","_kad_post_header":false,"_kad_post_footer":false,"footnotes":""},"_links":{"self":[{"href":"https:\/\/crochetsashiko.eu\/fr\/wp-json\/wp\/v2\/pages\/877"}],"collection":[{"href":"https:\/\/crochetsashiko.eu\/fr\/wp-json\/wp\/v2\/pages"}],"about":[{"href":"https:\/\/crochetsashiko.eu\/fr\/wp-json\/wp\/v2\/types\/page"}],"author":[{"embeddable":true,"href":"https:\/\/crochetsashiko.eu\/fr\/wp-json\/wp\/v2\/users\/1"}],"replies":[{"embeddable":true,"href":"https:\/\/crochetsashiko.eu\/fr\/wp-json\/wp\/v2\/comments?post=877"}],"version-history":[{"count":6,"href":"https:\/\/crochetsashiko.eu\/fr\/wp-json\/wp\/v2\/pages\/877\/revisions"}],"predecessor-version":[{"id":1056,"href":"https:\/\/crochetsashiko.eu\/fr\/wp-json\/wp\/v2\/pages\/877\/revisions\/1056"}],"wp:attachment":[{"href":"https:\/\/crochetsashiko.eu\/fr\/wp-json\/wp\/v2\/media?parent=877"}],"curies":[{"name":"wp","href":"https:\/\/api.w.org\/{rel}","templated":true}]}}