{"id":875,"date":"2024-03-28T22:38:24","date_gmt":"2024-03-28T21:38:24","guid":{"rendered":"https:\/\/crochetsashiko.eu\/fr\/?page_id=875"},"modified":"2024-04-02T23:32:16","modified_gmt":"2024-04-02T21:32:16","slug":"a-propos","status":"publish","type":"page","link":"https:\/\/crochetsashiko.eu\/fr\/a-propos\/","title":{"rendered":"A PROPOS"},"content":{"rendered":"<div class=\"wp-block-image\">\n<figure class=\"aligncenter size-large is-resized\"><img loading=\"lazy\" decoding=\"async\" width=\"1024\" height=\"585\" src=\"https:\/\/crochetsashiko.eu\/wp-content\/uploads\/2024\/03\/Banniere_brute_CSE-1024x585.webp\" alt=\"\" class=\"wp-image-756\" style=\"width:602px;height:auto\" srcset=\"https:\/\/crochetsashiko.eu\/wp-content\/uploads\/2024\/03\/Banniere_brute_CSE-1024x585.webp 1024w, https:\/\/crochetsashiko.eu\/wp-content\/uploads\/2024\/03\/Banniere_brute_CSE-300x171.webp 300w, https:\/\/crochetsashiko.eu\/wp-content\/uploads\/2024\/03\/Banniere_brute_CSE-768x439.webp 768w, https:\/\/crochetsashiko.eu\/wp-content\/uploads\/2024\/03\/Banniere_brute_CSE-1536x878.webp 1536w, https:\/\/crochetsashiko.eu\/wp-content\/uploads\/2024\/03\/Banniere_brute_CSE.webp 1792w\" sizes=\"(max-width: 1024px) 100vw, 1024px\" \/><\/figure><\/div>\n\n\n<p class=\"has-text-align-center\">Je suis <strong>enseignante, chercheuse, passionn\u00e9e d&rsquo;IA, maman de 2 jeunes adultes&#8230; <\/strong>donc je fais beaucoup surchauffer mon cerveau ! Pour me d\u00e9tendre, je travaille de mes mains, de la p\u00e2te \u00e0 sucre, du coton, de la laine, du tissu&#8230; <strong>tout pour cr\u00e9er en 3D !<\/strong> <\/p>\n\n\n\n<p class=\"has-text-align-center\"><strong>Moins efficace que la m\u00e9ditation ?<\/strong> Pas s\u00fbre. Quand je d\u00e9bute un g\u00e2teau pour une occasion sp\u00e9ciale (et pour une personne sp\u00e9ciale), j&rsquo;ai g\u00e9n\u00e9ralement une id\u00e9e de personnalisation, il faut toujours que je sois inspir\u00e9e. Apr\u00e8s, quels que soient les \u00e9cueils, il faut que le g\u00e2teau sorte, \u00e0 temps, de la cuisine ! Et pendant des heures je malaxe, j&rsquo;\u00e9tale, je coupe, je sculpte, je r\u00e2le, je peste, mais \u00e0 la fin, le r\u00e9sultat n&rsquo;est pas tout \u00e0 fait celui d&rsquo;une pro, mais il suffit \u00e0 <strong>faire briller les yeux des enfants, m\u00eame les grands !<\/strong><\/p>\n\n\n<div class=\"wp-block-image\">\n<figure class=\"aligncenter size-large is-resized\"><img loading=\"lazy\" decoding=\"async\" width=\"799\" height=\"1024\" src=\"https:\/\/crochetsashiko.eu\/wp-content\/uploads\/2024\/04\/Titi_et_gros_minet-min-799x1024.webp\" alt=\"\" class=\"wp-image-953\" style=\"width:213px;height:auto\" srcset=\"https:\/\/crochetsashiko.eu\/wp-content\/uploads\/2024\/04\/Titi_et_gros_minet-min-799x1024.webp 799w, https:\/\/crochetsashiko.eu\/wp-content\/uploads\/2024\/04\/Titi_et_gros_minet-min-234x300.webp 234w, https:\/\/crochetsashiko.eu\/wp-content\/uploads\/2024\/04\/Titi_et_gros_minet-min-768x984.webp 768w, https:\/\/crochetsashiko.eu\/wp-content\/uploads\/2024\/04\/Titi_et_gros_minet-min-1199x1536.webp 1199w, https:\/\/crochetsashiko.eu\/wp-content\/uploads\/2024\/04\/Titi_et_gros_minet-min-1598x2048.webp 1598w, https:\/\/crochetsashiko.eu\/wp-content\/uploads\/2024\/04\/Titi_et_gros_minet-min.webp 1848w\" sizes=\"(max-width: 799px) 100vw, 799px\" \/><\/figure><\/div>\n\n\n<p class=\"has-text-align-center\">Le <strong>cake design<\/strong>, en particulier avec de la <strong>p\u00e2te \u00e0 sucre<\/strong>, \u00e7a fait une quinzaine d&rsquo;ann\u00e9es. Pour la <strong>couture<\/strong>, j&rsquo;ai ressorti ma machine \u00e0 coudre, comme beaucoup, en 2020, pour r\u00e9aliser des centaines de masques, avec des coloris et des designs funs !<\/p>\n\n\n\n<p class=\"has-text-align-center\">Le <strong>crochet<\/strong> et le <strong>Sashiko<\/strong>, cela fait beaucoup moins longtemps, j&rsquo;ai commenc\u00e9 pour oublier des douleurs et c&rsquo;est vraiment efficace ! Tellement occup\u00e9e \u00e0 compter les mailles ou \u00e0 piquer r\u00e9gulier, je me mettais presque en transe, dans ma bulle. Et quelle satisfaction quand c&rsquo;\u00e9tait termin\u00e9 !<\/p>\n\n\n<div class=\"wp-block-image\">\n<figure class=\"aligncenter size-full is-resized\"><img loading=\"lazy\" decoding=\"async\" width=\"1024\" height=\"1024\" src=\"https:\/\/crochetsashiko.eu\/wp-content\/uploads\/2024\/04\/f4867d2d-4240-4813-9748-9e8f3bac826c.webp\" alt=\"\" class=\"wp-image-955\" style=\"width:229px;height:auto\" srcset=\"https:\/\/crochetsashiko.eu\/wp-content\/uploads\/2024\/04\/f4867d2d-4240-4813-9748-9e8f3bac826c.webp 1024w, https:\/\/crochetsashiko.eu\/wp-content\/uploads\/2024\/04\/f4867d2d-4240-4813-9748-9e8f3bac826c-300x300.webp 300w, https:\/\/crochetsashiko.eu\/wp-content\/uploads\/2024\/04\/f4867d2d-4240-4813-9748-9e8f3bac826c-150x150.webp 150w, https:\/\/crochetsashiko.eu\/wp-content\/uploads\/2024\/04\/f4867d2d-4240-4813-9748-9e8f3bac826c-768x768.webp 768w\" sizes=\"(max-width: 1024px) 100vw, 1024px\" \/><\/figure><\/div>\n\n\n<p class=\"has-text-align-center\">Maintenant, tout est pr\u00e9texte \u00e0 exprimer mes passions pour le <strong>Japon<\/strong> et la <strong>Chine<\/strong>, ainsi que pour le japonais et le chinois, que j&rsquo;apprends depuis quelques ann\u00e9es. <strong>Venez partager mes aventures au Japon<\/strong>, ou celles, cr\u00e9atives, qui m&rsquo;occupent, confortablement lov\u00e9e dans mon canap\u00e9, ou dans ma cuisine !<\/p>\n\n\n\n<p class=\"has-text-align-center\"><em>N.B. Sur ce site, les photos sont de moi, les textes aussi, mais ChatGPT a corrig\u00e9 mes textes et m&rsquo;a aid\u00e9 avec les mots cl\u00e9s pour le r\u00e9f\u00e9rencement. Quelques illustrations, dont le logo, ont \u00e9t\u00e9 g\u00e9n\u00e9r\u00e9es avec Dall-e 3 et plus, vous les reconna\u00eetrez facilement.<\/em><\/p>\n","protected":false},"excerpt":{"rendered":"<p>Je suis enseignante, chercheuse, passionn\u00e9e d&rsquo;IA, maman de 2 jeunes adultes&#8230; donc je fais beaucoup surchauffer mon cerveau ! Pour me d\u00e9tendre, je travaille de mes mains, de la p\u00e2te \u00e0 sucre, du coton, de la laine, du tissu&#8230; tout pour cr\u00e9er en 3D ! Moins efficace que la m\u00e9ditation ? Pas s\u00fbre. Quand je&#8230;<\/p>\n","protected":false},"author":1,"featured_media":0,"parent":0,"menu_order":0,"comment_status":"closed","ping_status":"closed","template":"","meta":{"_kadence_starter_templates_imported_post":false,"_kad_post_transparent":"","_kad_post_title":"","_kad_post_layout":"","_kad_post_sidebar_id":"","_kad_post_content_style":"","_kad_post_vertical_padding":"","_kad_post_feature":"","_kad_post_feature_position":"","_kad_post_header":false,"_kad_post_footer":false,"footnotes":""},"_links":{"self":[{"href":"https:\/\/crochetsashiko.eu\/fr\/wp-json\/wp\/v2\/pages\/875"}],"collection":[{"href":"https:\/\/crochetsashiko.eu\/fr\/wp-json\/wp\/v2\/pages"}],"about":[{"href":"https:\/\/crochetsashiko.eu\/fr\/wp-json\/wp\/v2\/types\/page"}],"author":[{"embeddable":true,"href":"https:\/\/crochetsashiko.eu\/fr\/wp-json\/wp\/v2\/users\/1"}],"replies":[{"embeddable":true,"href":"https:\/\/crochetsashiko.eu\/fr\/wp-json\/wp\/v2\/comments?post=875"}],"version-history":[{"count":11,"href":"https:\/\/crochetsashiko.eu\/fr\/wp-json\/wp\/v2\/pages\/875\/revisions"}],"predecessor-version":[{"id":956,"href":"https:\/\/crochetsashiko.eu\/fr\/wp-json\/wp\/v2\/pages\/875\/revisions\/956"}],"wp:attachment":[{"href":"https:\/\/crochetsashiko.eu\/fr\/wp-json\/wp\/v2\/media?parent=875"}],"curies":[{"name":"wp","href":"https:\/\/api.w.org\/{rel}","templated":true}]}}